{"id":5,"date":"2026-05-08T12:17:54","date_gmt":"2026-05-08T10:17:54","guid":{"rendered":"https:\/\/deniseulrich.ch\/lindenberg-energie-stage\/?page_id=5"},"modified":"2026-05-14T11:33:14","modified_gmt":"2026-05-14T09:33:14","slug":"start","status":"publish","type":"page","link":"https:\/\/deniseulrich.ch\/lindenberg-energie-stage\/","title":{"rendered":"Start"},"content":{"rendered":"\t\t<div data-elementor-type=\"wp-page\" data-elementor-id=\"5\" class=\"elementor elementor-5\" data-elementor-post-type=\"page\">\n\t\t\t\t<div class=\"elementor-element elementor-element-390a7f6 e-con-full e-flex e-con e-parent\" data-id=\"390a7f6\" data-element_type=\"container\" data-e-type=\"container\" data-settings=\"{&quot;background_background&quot;:&quot;classic&quot;}\">\n\t\t\t\t\t\t\t<h1 \n\t\tdata-interaction-id=\"2a842f3\" \n\t\tclass=\"e-2a842f3-1f12182 e-heading-base\" \n\t\t \n\t\tdata-e-type=\"widget\" data-id=\"2a842f3\"\n\t>\n\t\n\t\t\tEnergieberatung, Elektrobiologie &amp; Geomantie.\n\t\t<\/h1>\n\t\t\t\t\t\t\t<h2 \n\t\tdata-interaction-id=\"3f99bdd\" \n\t\tclass=\"e-3f99bdd-f52f040 e-heading-base\" \n\t\t \n\t\tdata-e-type=\"widget\" data-id=\"3f99bdd\"\n\t>\n\t\n\t\t\tIhr Partner rund um Energie und elektrische Gesundheit\n\t\t<\/h2>\n\t\t\t\t<\/div>\n\t\t<div class=\"elementor-element elementor-element-88f147d e-flex e-con-boxed e-con e-parent\" data-id=\"88f147d\" data-element_type=\"container\" data-e-type=\"container\" data-settings=\"{&quot;background_background&quot;:&quot;classic&quot;}\">\n\t\t\t\t\t<div class=\"e-con-inner\">\n\t\t\t\t<div class=\"elementor-element elementor-element-c8cc9fa elementor-widget__width-initial elementor-cta--skin-classic elementor-animated-content elementor-bg-transform elementor-bg-transform-zoom-in elementor-widget elementor-widget-call-to-action\" data-id=\"c8cc9fa\" data-element_type=\"widget\" data-e-type=\"widget\" data-widget_type=\"call-to-action.default\">\n\t\t\t\t\t\t\t<div class=\"elementor-cta\">\n\t\t\t\t\t<div class=\"elementor-cta__bg-wrapper\">\n\t\t\t\t<div class=\"elementor-cta__bg elementor-bg\" style=\"background-image: url(https:\/\/deniseulrich.ch\/lindenberg-energie-stage\/wp-content\/uploads\/sites\/11\/2026\/05\/PV-Anlage-von-Lindenberg-Energie.jpg);\" role=\"img\" aria-label=\"PV-Anlage von Lindenberg Energie\"><\/div>\n\t\t\t\t<div class=\"elementor-cta__bg-overlay\"><\/div>\n\t\t\t<\/div>\n\t\t\t\t\t\t\t<div class=\"elementor-cta__content\">\n\t\t\t\t\n\t\t\t\t\t\t\t\t\t<h2 class=\"elementor-cta__title elementor-cta__content-item elementor-content-item\">\n\t\t\t\t\t\tEnergieberatung und PV-Anlagen Planung\t\t\t\t\t<\/h2>\n\t\t\t\t\n\t\t\t\t\t\t\t\t\t<div class=\"elementor-cta__description elementor-cta__content-item elementor-content-item\">\n\t\t\t\t\t\tW\u00e4rmebilder, GEAK\u00ae, Energienachweise, Anmeldung F\u00f6rderprogramme - mit unserer langj\u00e4hrigen Erfahrung f\u00fchren wir sie zielgerichtet und unkompliziert durch den energetischen F\u00f6rdergesuchs- und Gesetzes-Dschungel.\t\t\t\t\t<\/div>\n\t\t\t\t\n\t\t\t\t\t\t\t\t\t<div class=\"elementor-cta__button-wrapper elementor-cta__content-item elementor-content-item \">\n\t\t\t\t\t<a class=\"elementor-cta__button elementor-button elementor-size-\" href=\"https:\/\/deniseulrich.ch\/lindenberg-energie-stage\/energieberatung\/\">\n\t\t\t\t\t\tIch brauche eine Energieberatung\t\t\t\t\t<\/a>\n\t\t\t\t\t<\/div>\n\t\t\t\t\t\t\t<\/div>\n\t\t\t\t\t\t<\/div>\n\t\t\t\t\t\t<\/div>\n\t\t\t\t<div class=\"elementor-element elementor-element-aa561d6 elementor-widget__width-initial elementor-cta--skin-classic elementor-animated-content elementor-bg-transform elementor-bg-transform-zoom-in elementor-widget elementor-widget-call-to-action\" data-id=\"aa561d6\" data-element_type=\"widget\" data-e-type=\"widget\" data-widget_type=\"call-to-action.default\">\n\t\t\t\t\t\t\t<div class=\"elementor-cta\">\n\t\t\t\t\t<div class=\"elementor-cta__bg-wrapper\">\n\t\t\t\t<div class=\"elementor-cta__bg elementor-bg\" style=\"background-image: url(https:\/\/deniseulrich.ch\/lindenberg-energie-stage\/wp-content\/uploads\/sites\/11\/2026\/05\/Spannungsmessung-mit-Erdungsmatte.jpg);\" role=\"img\" aria-label=\"Spannungsmessung mit Erdungsmatte\"><\/div>\n\t\t\t\t<div class=\"elementor-cta__bg-overlay\"><\/div>\n\t\t\t<\/div>\n\t\t\t\t\t\t\t<div class=\"elementor-cta__content\">\n\t\t\t\t\n\t\t\t\t\t\t\t\t\t<h2 class=\"elementor-cta__title elementor-cta__content-item elementor-content-item\">\n\t\t\t\t\t\tElektrobiologie &amp; Geomantie\t\t\t\t\t<\/h2>\n\t\t\t\t\n\t\t\t\t\t\t\t\t\t<div class=\"elementor-cta__description elementor-cta__content-item elementor-content-item\">\n\t\t\t\t\t\tMessung und Mutung (Rutengehen) von Elektrosmog und Wasseradern oder anderen Erdstrahlungsfeldern, Entst\u00f6rung mittels Produkten (BioProtect, HAMONI\u00ae), energetische Grundst\u00fccksreinigung und Harmonisierung mittels THEKI.\t\t\t\t\t<\/div>\n\t\t\t\t\n\t\t\t\t\t\t\t\t\t<div class=\"elementor-cta__button-wrapper elementor-cta__content-item elementor-content-item \">\n\t\t\t\t\t<a class=\"elementor-cta__button elementor-button elementor-size-\" href=\"https:\/\/deniseulrich.ch\/lindenberg-energie-stage\/energieberatung\/\">\n\t\t\t\t\t\tElektrosmog Messung und Schlafplatz abkl\u00e4ren\t\t\t\t\t<\/a>\n\t\t\t\t\t<\/div>\n\t\t\t\t\t\t\t<\/div>\n\t\t\t\t\t\t<\/div>\n\t\t\t\t\t\t<\/div>\n\t\t\t\t<div class=\"elementor-element elementor-element-2b5a66e elementor-widget__width-initial elementor-cta--skin-classic elementor-animated-content elementor-bg-transform elementor-bg-transform-zoom-in elementor-widget elementor-widget-call-to-action\" data-id=\"2b5a66e\" data-element_type=\"widget\" data-e-type=\"widget\" data-widget_type=\"call-to-action.default\">\n\t\t\t\t\t\t\t<div class=\"elementor-cta\">\n\t\t\t\t\t<div class=\"elementor-cta__bg-wrapper\">\n\t\t\t\t<div class=\"elementor-cta__bg elementor-bg\" style=\"background-image: url(https:\/\/deniseulrich.ch\/lindenberg-energie-stage\/wp-content\/uploads\/sites\/11\/2026\/05\/Du-Seesel-DEU_0705-1024x1024.jpg);\" role=\"img\" aria-label=\"Du-Seesel-DEU_0705\"><\/div>\n\t\t\t\t<div class=\"elementor-cta__bg-overlay\"><\/div>\n\t\t\t<\/div>\n\t\t\t\t\t\t\t<div class=\"elementor-cta__content\">\n\t\t\t\t\n\t\t\t\t\t\t\t\t\t<h2 class=\"elementor-cta__title elementor-cta__content-item elementor-content-item\">\n\t\t\t\t\t\tPraxis f\u00fcr Energiearbeit und THEKI\t\t\t\t\t<\/h2>\n\t\t\t\t\n\t\t\t\t\t\t\t\t\t<div class=\"elementor-cta__description elementor-cta__content-item elementor-content-item\">\n\t\t\t\t\t\tGeben Sie Ihrem Leben neuen Schwung: Eigene Programmierungen neu setzen, Traumata transformieren und die nat\u00fcrliche Ordnung wiederherstellen. Wir unterst\u00fctzen Sie, in Ihre Kraft zu kommen.\t\t\t\t\t<\/div>\n\t\t\t\t\n\t\t\t\t\t\t\t\t\t<div class=\"elementor-cta__button-wrapper elementor-cta__content-item elementor-content-item \">\n\t\t\t\t\t<a class=\"elementor-cta__button elementor-button elementor-size-\" href=\"https:\/\/deniseulrich.ch\/lindenberg-energie-stage\/energieberatung\/\">\n\t\t\t\t\t\tMeine Selbstheilungskr\u00e4fte aktivieren\t\t\t\t\t<\/a>\n\t\t\t\t\t<\/div>\n\t\t\t\t\t\t\t<\/div>\n\t\t\t\t\t\t<\/div>\n\t\t\t\t\t\t<\/div>\n\t\t\t\t\t<\/div>\n\t\t\t\t<\/div>\n\t\t<div class=\"elementor-element elementor-element-89ee719 e-flex e-con-boxed e-con e-parent\" data-id=\"89ee719\" data-element_type=\"container\" data-e-type=\"container\">\n\t\t\t\t\t<div class=\"e-con-inner\">\n\t\t\t\t<div class=\"elementor-element elementor-element-40492ce elementor-cta--layout-image-left elementor-cta--skin-classic elementor-animated-content elementor-bg-transform elementor-bg-transform-zoom-in elementor-widget elementor-widget-call-to-action\" data-id=\"40492ce\" data-element_type=\"widget\" data-e-type=\"widget\" data-widget_type=\"call-to-action.default\">\n\t\t\t\t\t\t\t<div class=\"elementor-cta\">\n\t\t\t\t\t<div class=\"elementor-cta__bg-wrapper\">\n\t\t\t\t<div class=\"elementor-cta__bg elementor-bg\" style=\"background-image: url(https:\/\/deniseulrich.ch\/lindenberg-energie-stage\/wp-content\/uploads\/sites\/11\/2026\/05\/Wurzler_Barfussschuh_Komfort_beige_3.jpg);\" role=\"img\" aria-label=\"Wurzler_Barfussschuh_Komfort_beige_3\"><\/div>\n\t\t\t\t<div class=\"elementor-cta__bg-overlay\"><\/div>\n\t\t\t<\/div>\n\t\t\t\t\t\t\t<div class=\"elementor-cta__content\">\n\t\t\t\t\n\t\t\t\t\t\t\t\t\t<h2 class=\"elementor-cta__title elementor-cta__content-item elementor-content-item\">\n\t\t\t\t\t\tTun Sie etwas f\u00fcr Ihre elektrische Gesundheit\t\t\t\t\t<\/h2>\n\t\t\t\t\n\t\t\t\t\t\t\t\t\t<div class=\"elementor-cta__description elementor-cta__content-item elementor-content-item\">\n\t\t\t\t\t\tBarfussschuhe, Yogamatte, Schreibtischunterlage: Mit Earthing Produkten von Wurzler gehen Sie stets geerdet und elektrisch gesund durchs Leben.\t\t\t\t\t<\/div>\n\t\t\t\t\n\t\t\t\t\t\t\t\t\t<div class=\"elementor-cta__button-wrapper elementor-cta__content-item elementor-content-item \">\n\t\t\t\t\t<a class=\"elementor-cta__button elementor-button elementor-size-\" href=\"https:\/\/lindenberg-energie.ch\/contents\/de-ch\/d2026_shop.html\" target=\"_blank\">\n\t\t\t\t\t\tZum Shop\t\t\t\t\t<\/a>\n\t\t\t\t\t<\/div>\n\t\t\t\t\t\t\t<\/div>\n\t\t\t\t\t\t<\/div>\n\t\t\t\t\t\t<\/div>\n\t\t\t\t<div class=\"elementor-element elementor-element-f046d30 elementor-cta--layout-image-right elementor-cta--skin-classic elementor-animated-content elementor-bg-transform elementor-bg-transform-zoom-in elementor-widget elementor-widget-call-to-action\" data-id=\"f046d30\" data-element_type=\"widget\" data-e-type=\"widget\" data-widget_type=\"call-to-action.default\">\n\t\t\t\t\t\t\t<div class=\"elementor-cta\">\n\t\t\t\t\t<div class=\"elementor-cta__bg-wrapper\">\n\t\t\t\t<div class=\"elementor-cta__bg elementor-bg\" style=\"background-image: url(https:\/\/deniseulrich.ch\/lindenberg-energie-stage\/wp-content\/uploads\/sites\/11\/2026\/05\/WPR_SwissWaterPowerS_1-819x1024.jpg);\" role=\"img\" aria-label=\"WPR_SwissWaterPowerS_1\"><\/div>\n\t\t\t\t<div class=\"elementor-cta__bg-overlay\"><\/div>\n\t\t\t<\/div>\n\t\t\t\t\t\t\t<div class=\"elementor-cta__content\">\n\t\t\t\t\n\t\t\t\t\t\t\t\t\t<h2 class=\"elementor-cta__title elementor-cta__content-item elementor-content-item\">\n\t\t\t\t\t\tVitales Wasser dank Verwirbelung\t\t\t\t\t<\/h2>\n\t\t\t\t\n\t\t\t\t\t\t\t\t\t<div class=\"elementor-cta__description elementor-cta__content-item elementor-content-item\">\n\t\t\t\t\t\tMit dem Wasserwirbler der Firma WPR Quellwassersysteme und weiteren f\u00fcr Sie zusammengestellten Produkten in unserem Shop sind Sie elektrisch gesund! \t\t\t\t\t<\/div>\n\t\t\t\t\n\t\t\t\t\t\t\t\t\t<div class=\"elementor-cta__button-wrapper elementor-cta__content-item elementor-content-item \">\n\t\t\t\t\t<a class=\"elementor-cta__button elementor-button elementor-size-\" href=\"https:\/\/lindenberg-energie.ch\/contents\/de-ch\/d2026_shop.html\" target=\"_blank\">\n\t\t\t\t\t\tZum Shop\t\t\t\t\t<\/a>\n\t\t\t\t\t<\/div>\n\t\t\t\t\t\t\t<\/div>\n\t\t\t\t\t\t<\/div>\n\t\t\t\t\t\t<\/div>\n\t\t\t\t<div class=\"elementor-element elementor-element-581f6fc elementor-cta--layout-image-left elementor-cta--skin-classic elementor-animated-content elementor-bg-transform elementor-bg-transform-zoom-in elementor-widget elementor-widget-call-to-action\" data-id=\"581f6fc\" data-element_type=\"widget\" data-e-type=\"widget\" data-widget_type=\"call-to-action.default\">\n\t\t\t\t\t\t\t<div class=\"elementor-cta\">\n\t\t\t\t\t<div class=\"elementor-cta__bg-wrapper\">\n\t\t\t\t<div class=\"elementor-cta__bg elementor-bg\" style=\"background-image: url(https:\/\/deniseulrich.ch\/lindenberg-energie-stage\/wp-content\/uploads\/sites\/11\/2026\/05\/Swisshield-Abschirmstoff-Naturell3.png);\" role=\"img\" aria-label=\"Swisshield Abschirmstoff - Naturell3\"><\/div>\n\t\t\t\t<div class=\"elementor-cta__bg-overlay\"><\/div>\n\t\t\t<\/div>\n\t\t\t\t\t\t\t<div class=\"elementor-cta__content\">\n\t\t\t\t\n\t\t\t\t\t\t\t\t\t<h2 class=\"elementor-cta__title elementor-cta__content-item elementor-content-item\">\n\t\t\t\t\t\tSchutz vor Elektrosmog\t\t\t\t\t<\/h2>\n\t\t\t\t\n\t\t\t\t\t\t\t\t\t<div class=\"elementor-cta__description elementor-cta__content-item elementor-content-item\">\n\t\t\t\t\t\tReduzieren Sie mit den Abschirmstoffen von SwissShield elektromagnetische Strahlng - insbesondere hilfreich bei Belastung durch Mobilfunkfrequenzen (4G, 5G). Entst\u00f6rprodukte von BioProtect sowie der HAMONI\u00ae Harmonisierer sch\u00fctzen vor Elektrosmog und Erdstrahlung.\t\t\t\t\t<\/div>\n\t\t\t\t\n\t\t\t\t\t\t\t\t\t<div class=\"elementor-cta__button-wrapper elementor-cta__content-item elementor-content-item \">\n\t\t\t\t\t<a class=\"elementor-cta__button elementor-button elementor-size-\" href=\"https:\/\/lindenberg-energie.ch\/contents\/de-ch\/d2026_shop.html\" target=\"_blank\">\n\t\t\t\t\t\tZum Shop\t\t\t\t\t<\/a>\n\t\t\t\t\t<\/div>\n\t\t\t\t\t\t\t<\/div>\n\t\t\t\t\t\t<\/div>\n\t\t\t\t\t\t<\/div>\n\t\t\t\t\t<\/div>\n\t\t\t\t<\/div>\n\t\t<div class=\"elementor-element elementor-element-70d225a e-con-full e-flex e-con e-parent\" data-id=\"70d225a\" data-element_type=\"container\" data-e-type=\"container\" data-settings=\"{&quot;background_background&quot;:&quot;classic&quot;}\">\n\t\t\t\t<div class=\"elementor-element elementor-element-85340bd elementor-blockquote--skin-quotation elementor-blockquote--align-center elementor-widget elementor-widget-blockquote\" data-id=\"85340bd\" data-element_type=\"widget\" data-e-type=\"widget\" data-settings=\"{&quot;motion_fx_motion_fx_scrolling&quot;:&quot;yes&quot;,&quot;motion_fx_translateY_effect&quot;:&quot;yes&quot;,&quot;motion_fx_translateY_direction&quot;:&quot;negative&quot;,&quot;motion_fx_translateY_affectedRange&quot;:{&quot;unit&quot;:&quot;%&quot;,&quot;size&quot;:&quot;&quot;,&quot;sizes&quot;:{&quot;start&quot;:10,&quot;end&quot;:66}},&quot;motion_fx_range&quot;:&quot;viewport&quot;,&quot;_animation&quot;:&quot;none&quot;,&quot;motion_fx_translateY_speed&quot;:{&quot;unit&quot;:&quot;px&quot;,&quot;size&quot;:4,&quot;sizes&quot;:[]},&quot;motion_fx_devices&quot;:[&quot;desktop&quot;,&quot;tablet&quot;,&quot;mobile&quot;]}\" data-widget_type=\"blockquote.default\">\n\t\t\t\t\t\t\t<blockquote class=\"elementor-blockquote\">\n\t\t\t<p class=\"elementor-blockquote__content\">\n\t\t\t\t Schau tief in die Natur, dann wirst du alles besser verstehen.\n\t\t\t<\/p>\n\t\t\t\t\t\t\t<div class=\"e-q-footer\">\n\t\t\t\t\t\t\t\t\t\t\t<cite class=\"elementor-blockquote__author\">Albert Einstein<\/cite>\n\t\t\t\t\t\t\t\t\t\t\t\t\t\t<\/div>\n\t\t\t\t\t<\/blockquote>\n\t\t\t\t\t\t<\/div>\n\t\t\t\t<\/div>\n\t\t\t\t<\/div>\n\t\t","protected":false},"excerpt":{"rendered":"<p>Energieberatung, Elektrobiologie &amp; Geomantie. Ihr Partner rund um Energie und elektrische Gesundheit Energieberatung und PV-Anlagen Planung W\u00e4rmebilder, GEAK\u00ae, Energienachweise, Anmeldung F\u00f6rderprogramme &#8211; mit unserer langj\u00e4hrigen Erfahrung f\u00fchren wir sie zielgerichtet und unkompliziert durch den energetischen F\u00f6rdergesuchs- und Gesetzes-Dschungel. Ich brauche eine Energieberatung Elektrobiologie &amp; Geomantie Messung und Mutung (Rutengehen) von Elektrosmog und Wasseradern oder anderen [&hellip;]<\/p>\n","protected":false},"author":1,"featured_media":0,"parent":0,"menu_order":0,"comment_status":"closed","ping_status":"closed","template":"","meta":{"footnotes":""},"class_list":["post-5","page","type-page","status-publish","hentry"],"yoast_head":"<!-- This site is optimized with the Yoast SEO plugin v27.6 - https:\/\/yoast.com\/product\/yoast-seo-wordpress\/ -->\n<title>Start - Lindenberg Energie Stage<\/title>\n<meta name=\"robots\" content=\"index, follow, max-snippet:-1, max-image-preview:large, max-video-preview:-1\" \/>\n<link rel=\"canonical\" href=\"https:\/\/deniseulrich.ch\/lindenberg-energie-stage\/\" \/>\n<meta property=\"og:locale\" content=\"de_DE\" \/>\n<meta property=\"og:type\" content=\"article\" \/>\n<meta property=\"og:title\" content=\"Start - Lindenberg Energie Stage\" \/>\n<meta property=\"og:description\" content=\"Energieberatung, Elektrobiologie &amp; Geomantie. Ihr Partner rund um Energie und elektrische Gesundheit Energieberatung und PV-Anlagen Planung W\u00e4rmebilder, GEAK\u00ae, Energienachweise, Anmeldung F\u00f6rderprogramme &#8211; mit unserer langj\u00e4hrigen Erfahrung f\u00fchren wir sie zielgerichtet und unkompliziert durch den energetischen F\u00f6rdergesuchs- und Gesetzes-Dschungel. Ich brauche eine Energieberatung Elektrobiologie &amp; Geomantie Messung und Mutung (Rutengehen) von Elektrosmog und Wasseradern oder anderen [&hellip;]\" \/>\n<meta property=\"og:url\" content=\"https:\/\/deniseulrich.ch\/lindenberg-energie-stage\/\" \/>\n<meta property=\"og:site_name\" content=\"Lindenberg Energie Stage\" \/>\n<meta property=\"article:modified_time\" content=\"2026-05-14T09:33:14+00:00\" \/>\n<meta name=\"twitter:card\" content=\"summary_large_image\" \/>\n<meta name=\"twitter:label1\" content=\"Gesch\u00e4tzte Lesezeit\" \/>\n\t<meta name=\"twitter:data1\" content=\"2\u00a0Minuten\" \/>\n<script type=\"application\/ld+json\" class=\"yoast-schema-graph\">{\"@context\":\"https:\\\/\\\/schema.org\",\"@graph\":[{\"@type\":\"WebPage\",\"@id\":\"https:\\\/\\\/deniseulrich.ch\\\/lindenberg-energie-stage\\\/\",\"url\":\"https:\\\/\\\/deniseulrich.ch\\\/lindenberg-energie-stage\\\/\",\"name\":\"Start - Lindenberg Energie Stage\",\"isPartOf\":{\"@id\":\"https:\\\/\\\/deniseulrich.ch\\\/lindenberg-energie-stage\\\/#website\"},\"datePublished\":\"2026-05-08T10:17:54+00:00\",\"dateModified\":\"2026-05-14T09:33:14+00:00\",\"breadcrumb\":{\"@id\":\"https:\\\/\\\/deniseulrich.ch\\\/lindenberg-energie-stage\\\/#breadcrumb\"},\"inLanguage\":\"de\",\"potentialAction\":[{\"@type\":\"ReadAction\",\"target\":[\"https:\\\/\\\/deniseulrich.ch\\\/lindenberg-energie-stage\\\/\"]}]},{\"@type\":\"BreadcrumbList\",\"@id\":\"https:\\\/\\\/deniseulrich.ch\\\/lindenberg-energie-stage\\\/#breadcrumb\",\"itemListElement\":[{\"@type\":\"ListItem\",\"position\":1,\"name\":\"Start\",\"item\":\"https:\\\/\\\/deniseulrich.ch\\\/lindenberg-energie-stage\\\/\"},{\"@type\":\"ListItem\",\"position\":2,\"name\":\"Start\"}]},{\"@type\":\"WebSite\",\"@id\":\"https:\\\/\\\/deniseulrich.ch\\\/lindenberg-energie-stage\\\/#website\",\"url\":\"https:\\\/\\\/deniseulrich.ch\\\/lindenberg-energie-stage\\\/\",\"name\":\"Lindenberg Energie Stage\",\"description\":\"Energieberatung, Elektrosmog messen, Wasseradern, Praxis f\u00fcr Energiearbeit\",\"publisher\":{\"@id\":\"https:\\\/\\\/deniseulrich.ch\\\/lindenberg-energie-stage\\\/#organization\"},\"potentialAction\":[{\"@type\":\"SearchAction\",\"target\":{\"@type\":\"EntryPoint\",\"urlTemplate\":\"https:\\\/\\\/deniseulrich.ch\\\/lindenberg-energie-stage\\\/?s={search_term_string}\"},\"query-input\":{\"@type\":\"PropertyValueSpecification\",\"valueRequired\":true,\"valueName\":\"search_term_string\"}}],\"inLanguage\":\"de\"},{\"@type\":\"Organization\",\"@id\":\"https:\\\/\\\/deniseulrich.ch\\\/lindenberg-energie-stage\\\/#organization\",\"name\":\"Lindenberg Energie Stage\",\"url\":\"https:\\\/\\\/deniseulrich.ch\\\/lindenberg-energie-stage\\\/\",\"logo\":{\"@type\":\"ImageObject\",\"inLanguage\":\"de\",\"@id\":\"https:\\\/\\\/deniseulrich.ch\\\/lindenberg-energie-stage\\\/#\\\/schema\\\/logo\\\/image\\\/\",\"url\":\"https:\\\/\\\/deniseulrich.ch\\\/lindenberg-energie-stage\\\/wp-content\\\/uploads\\\/sites\\\/11\\\/2026\\\/05\\\/Logo-Lindenberg-Energie-700b.jpg\",\"contentUrl\":\"https:\\\/\\\/deniseulrich.ch\\\/lindenberg-energie-stage\\\/wp-content\\\/uploads\\\/sites\\\/11\\\/2026\\\/05\\\/Logo-Lindenberg-Energie-700b.jpg\",\"width\":700,\"height\":200,\"caption\":\"Lindenberg Energie Stage\"},\"image\":{\"@id\":\"https:\\\/\\\/deniseulrich.ch\\\/lindenberg-energie-stage\\\/#\\\/schema\\\/logo\\\/image\\\/\"}}]}<\/script>\n<!-- \/ Yoast SEO plugin. -->","yoast_head_json":{"title":"Start - Lindenberg Energie Stage","robots":{"index":"index","follow":"follow","max-snippet":"max-snippet:-1","max-image-preview":"max-image-preview:large","max-video-preview":"max-video-preview:-1"},"canonical":"https:\/\/deniseulrich.ch\/lindenberg-energie-stage\/","og_locale":"de_DE","og_type":"article","og_title":"Start - Lindenberg Energie Stage","og_description":"Energieberatung, Elektrobiologie &amp; Geomantie. Ihr Partner rund um Energie und elektrische Gesundheit Energieberatung und PV-Anlagen Planung W\u00e4rmebilder, GEAK\u00ae, Energienachweise, Anmeldung F\u00f6rderprogramme &#8211; mit unserer langj\u00e4hrigen Erfahrung f\u00fchren wir sie zielgerichtet und unkompliziert durch den energetischen F\u00f6rdergesuchs- und Gesetzes-Dschungel. Ich brauche eine Energieberatung Elektrobiologie &amp; Geomantie Messung und Mutung (Rutengehen) von Elektrosmog und Wasseradern oder anderen [&hellip;]","og_url":"https:\/\/deniseulrich.ch\/lindenberg-energie-stage\/","og_site_name":"Lindenberg Energie Stage","article_modified_time":"2026-05-14T09:33:14+00:00","twitter_card":"summary_large_image","twitter_misc":{"Gesch\u00e4tzte Lesezeit":"2\u00a0Minuten"},"schema":{"@context":"https:\/\/schema.org","@graph":[{"@type":"WebPage","@id":"https:\/\/deniseulrich.ch\/lindenberg-energie-stage\/","url":"https:\/\/deniseulrich.ch\/lindenberg-energie-stage\/","name":"Start - Lindenberg Energie Stage","isPartOf":{"@id":"https:\/\/deniseulrich.ch\/lindenberg-energie-stage\/#website"},"datePublished":"2026-05-08T10:17:54+00:00","dateModified":"2026-05-14T09:33:14+00:00","breadcrumb":{"@id":"https:\/\/deniseulrich.ch\/lindenberg-energie-stage\/#breadcrumb"},"inLanguage":"de","potentialAction":[{"@type":"ReadAction","target":["https:\/\/deniseulrich.ch\/lindenberg-energie-stage\/"]}]},{"@type":"BreadcrumbList","@id":"https:\/\/deniseulrich.ch\/lindenberg-energie-stage\/#breadcrumb","itemListElement":[{"@type":"ListItem","position":1,"name":"Start","item":"https:\/\/deniseulrich.ch\/lindenberg-energie-stage\/"},{"@type":"ListItem","position":2,"name":"Start"}]},{"@type":"WebSite","@id":"https:\/\/deniseulrich.ch\/lindenberg-energie-stage\/#website","url":"https:\/\/deniseulrich.ch\/lindenberg-energie-stage\/","name":"Lindenberg Energie Stage","description":"Energieberatung, Elektrosmog messen, Wasseradern, Praxis f\u00fcr Energiearbeit","publisher":{"@id":"https:\/\/deniseulrich.ch\/lindenberg-energie-stage\/#organization"},"potentialAction":[{"@type":"SearchAction","target":{"@type":"EntryPoint","urlTemplate":"https:\/\/deniseulrich.ch\/lindenberg-energie-stage\/?s={search_term_string}"},"query-input":{"@type":"PropertyValueSpecification","valueRequired":true,"valueName":"search_term_string"}}],"inLanguage":"de"},{"@type":"Organization","@id":"https:\/\/deniseulrich.ch\/lindenberg-energie-stage\/#organization","name":"Lindenberg Energie Stage","url":"https:\/\/deniseulrich.ch\/lindenberg-energie-stage\/","logo":{"@type":"ImageObject","inLanguage":"de","@id":"https:\/\/deniseulrich.ch\/lindenberg-energie-stage\/#\/schema\/logo\/image\/","url":"https:\/\/deniseulrich.ch\/lindenberg-energie-stage\/wp-content\/uploads\/sites\/11\/2026\/05\/Logo-Lindenberg-Energie-700b.jpg","contentUrl":"https:\/\/deniseulrich.ch\/lindenberg-energie-stage\/wp-content\/uploads\/sites\/11\/2026\/05\/Logo-Lindenberg-Energie-700b.jpg","width":700,"height":200,"caption":"Lindenberg Energie Stage"},"image":{"@id":"https:\/\/deniseulrich.ch\/lindenberg-energie-stage\/#\/schema\/logo\/image\/"}}]}},"_links":{"self":[{"href":"https:\/\/deniseulrich.ch\/lindenberg-energie-stage\/wp-json\/wp\/v2\/pages\/5","targetHints":{"allow":["GET"]}}],"collection":[{"href":"https:\/\/deniseulrich.ch\/lindenberg-energie-stage\/wp-json\/wp\/v2\/pages"}],"about":[{"href":"https:\/\/deniseulrich.ch\/lindenberg-energie-stage\/wp-json\/wp\/v2\/types\/page"}],"author":[{"embeddable":true,"href":"https:\/\/deniseulrich.ch\/lindenberg-energie-stage\/wp-json\/wp\/v2\/users\/1"}],"replies":[{"embeddable":true,"href":"https:\/\/deniseulrich.ch\/lindenberg-energie-stage\/wp-json\/wp\/v2\/comments?post=5"}],"version-history":[{"count":322,"href":"https:\/\/deniseulrich.ch\/lindenberg-energie-stage\/wp-json\/wp\/v2\/pages\/5\/revisions"}],"predecessor-version":[{"id":630,"href":"https:\/\/deniseulrich.ch\/lindenberg-energie-stage\/wp-json\/wp\/v2\/pages\/5\/revisions\/630"}],"wp:attachment":[{"href":"https:\/\/deniseulrich.ch\/lindenberg-energie-stage\/wp-json\/wp\/v2\/media?parent=5"}],"curies":[{"name":"wp","href":"https:\/\/api.w.org\/{rel}","templated":true}]}}